{"id":233,"date":"2024-03-21T13:40:30","date_gmt":"2024-03-21T12:40:30","guid":{"rendered":"https:\/\/www.autolog-projekt.de\/?page_id=233"},"modified":"2024-08-08T15:22:55","modified_gmt":"2024-08-08T13:22:55","slug":"neuigkeiten","status":"publish","type":"page","link":"https:\/\/www.autolog-projekt.de\/index.php\/neuigkeiten\/","title":{"rendered":"Neuigkeiten"},"content":{"rendered":"\n<div class=\"wp-block-query is-layout-flow wp-block-query-is-layout-flow\"><ul class=\"wp-block-post-template is-layout-flow wp-container-core-post-template-is-layout-3ee800f6 wp-block-post-template-is-layout-flow\"><li class=\"wp-block-post post-446 post type-post status-publish format-standard has-post-thumbnail hentry category-neuigkeiten\">\n\n<div class=\"wp-block-columns is-layout-flex wp-container-core-columns-is-layout-f00831d8 wp-block-columns-is-layout-flex\" style=\"padding-top:var(--wp--preset--spacing--20);padding-bottom:var(--wp--preset--spacing--20)\">\n<div class=\"wp-block-column is-layout-flow wp-block-column-is-layout-flow\" style=\"flex-basis:40%\"><figure class=\"wp-block-post-featured-image\"><img loading=\"lazy\" decoding=\"async\" width=\"930\" height=\"941\" src=\"https:\/\/www.autolog-projekt.de\/wp-content\/uploads\/2024\/08\/Screenshot-2024-08-08-140027.png\" class=\"attachment-post-thumbnail size-post-thumbnail wp-post-image\" alt=\"\" style=\"object-fit:cover;\" srcset=\"https:\/\/www.autolog-projekt.de\/wp-content\/uploads\/2024\/08\/Screenshot-2024-08-08-140027.png 930w, https:\/\/www.autolog-projekt.de\/wp-content\/uploads\/2024\/08\/Screenshot-2024-08-08-140027-296x300.png 296w, https:\/\/www.autolog-projekt.de\/wp-content\/uploads\/2024\/08\/Screenshot-2024-08-08-140027-768x777.png 768w\" sizes=\"auto, (max-width: 930px) 100vw, 930px\" \/><\/figure><\/div>\n\n\n\n<div class=\"wp-block-column is-layout-flow wp-block-column-is-layout-flow\"><h2 class=\"wp-block-post-title\">Artikel in der Fachzeitschrift &#8220;Logistik heute&#8221;<\/h2>\n\n<div class=\"wp-block-post-date\"><time datetime=\"2024-08-08T13:58:44+02:00\">08.08.2024<\/time><\/div>\n\n<div class=\"wp-block-post-excerpt\"><p class=\"wp-block-post-excerpt__excerpt\">F\u00fcr eine neue \u00c4ra in der Automobillogistik &#8211; von Matthias Pieringer<\/p><p class=\"wp-block-post-excerpt__more-text\"><a class=\"wp-block-post-excerpt__more-link\" href=\"https:\/\/www.autolog-projekt.de\/index.php\/2024\/08\/08\/artikel-in-der-logistik-heute\/\">mehr..<\/a><\/p><\/div><\/div>\n<\/div>\n\n<\/li><li class=\"wp-block-post post-427 post type-post status-publish format-standard has-post-thumbnail hentry category-neuigkeiten\">\n\n<div class=\"wp-block-columns is-layout-flex wp-container-core-columns-is-layout-f00831d8 wp-block-columns-is-layout-flex\" style=\"padding-top:var(--wp--preset--spacing--20);padding-bottom:var(--wp--preset--spacing--20)\">\n<div class=\"wp-block-column is-layout-flow wp-block-column-is-layout-flow\" style=\"flex-basis:40%\"><figure class=\"wp-block-post-featured-image\"><img loading=\"lazy\" decoding=\"async\" width=\"847\" height=\"1154\" src=\"https:\/\/www.autolog-projekt.de\/wp-content\/uploads\/2024\/08\/Screenshot-2024-08-08-140212.png\" class=\"attachment-post-thumbnail size-post-thumbnail wp-post-image\" alt=\"\" style=\"object-fit:cover;\" srcset=\"https:\/\/www.autolog-projekt.de\/wp-content\/uploads\/2024\/08\/Screenshot-2024-08-08-140212.png 847w, https:\/\/www.autolog-projekt.de\/wp-content\/uploads\/2024\/08\/Screenshot-2024-08-08-140212-220x300.png 220w, https:\/\/www.autolog-projekt.de\/wp-content\/uploads\/2024\/08\/Screenshot-2024-08-08-140212-752x1024.png 752w, https:\/\/www.autolog-projekt.de\/wp-content\/uploads\/2024\/08\/Screenshot-2024-08-08-140212-768x1046.png 768w\" sizes=\"auto, (max-width: 847px) 100vw, 847px\" \/><\/figure><\/div>\n\n\n\n<div class=\"wp-block-column is-layout-flow wp-block-column-is-layout-flow\"><h2 class=\"wp-block-post-title\">Neue Pressemitteilung der Telekom<\/h2>\n\n<div class=\"wp-block-post-date\"><time datetime=\"2024-08-08T13:33:36+02:00\">08.08.2024<\/time><\/div>\n\n<div class=\"wp-block-post-excerpt\"><p class=\"wp-block-post-excerpt__excerpt\">Die Partner Volkswagen Konzernlogistik, BIBA, Telekom und Unikie erforschen automatisierte Logistik-Prozesse f\u00fcr Automobilterminals 5G Network-APIs und ein Edge Data Center der Telekom erm\u00f6glichen neue Anwendungen in der Hafen-Umgebung Projekt-Ergebnis sollen auch k\u00fcnftige Forschungen unterst\u00fctzen<\/p><p class=\"wp-block-post-excerpt__more-text\"><a class=\"wp-block-post-excerpt__more-link\" href=\"https:\/\/www.autolog-projekt.de\/index.php\/2024\/08\/08\/telekom-innovationen-fur-automatisiertes-fahren-in-der-hafen-logistik\/\">mehr..<\/a><\/p><\/div><\/div>\n<\/div>\n\n<\/li><li class=\"wp-block-post post-398 post type-post status-publish format-standard has-post-thumbnail hentry category-neuigkeiten\">\n\n<div class=\"wp-block-columns is-layout-flex wp-container-core-columns-is-layout-f00831d8 wp-block-columns-is-layout-flex\" style=\"padding-top:var(--wp--preset--spacing--20);padding-bottom:var(--wp--preset--spacing--20)\">\n<div class=\"wp-block-column is-layout-flow wp-block-column-is-layout-flow\" style=\"flex-basis:40%\"><figure class=\"wp-block-post-featured-image\"><img loading=\"lazy\" decoding=\"async\" width=\"863\" height=\"594\" src=\"https:\/\/www.autolog-projekt.de\/wp-content\/uploads\/2024\/05\/Screenshot-2024-08-08-152405.png\" class=\"attachment-post-thumbnail size-post-thumbnail wp-post-image\" alt=\"\" style=\"object-fit:cover;\" srcset=\"https:\/\/www.autolog-projekt.de\/wp-content\/uploads\/2024\/05\/Screenshot-2024-08-08-152405.png 863w, https:\/\/www.autolog-projekt.de\/wp-content\/uploads\/2024\/05\/Screenshot-2024-08-08-152405-300x206.png 300w, https:\/\/www.autolog-projekt.de\/wp-content\/uploads\/2024\/05\/Screenshot-2024-08-08-152405-768x529.png 768w\" sizes=\"auto, (max-width: 863px) 100vw, 863px\" \/><\/figure><\/div>\n\n\n\n<div class=\"wp-block-column is-layout-flow wp-block-column-is-layout-flow\"><h2 class=\"wp-block-post-title\">Pressemitteilung vom BIBA<\/h2>\n\n<div class=\"wp-block-post-date\"><time datetime=\"2024-05-16T15:41:46+02:00\">16.05.2024<\/time><\/div>\n\n<div class=\"wp-block-post-excerpt\"><p class=\"wp-block-post-excerpt__excerpt\">Im neuen F&#038;E-Projekt AutoLog forschen die Volkswagen Konzernlogistik, das BIBA an der Universit\u00e4t Bremen, die Deutsche Telekom und der Softwarespezialist Unikie zum automatisierten Fahren in H\u00e4fen. Vorstudien signalisieren einen Gewinn f\u00fcr Effizienz, Sicherheit und Klimaschutz. Downloads: [..]<\/p><p class=\"wp-block-post-excerpt__more-text\"><a class=\"wp-block-post-excerpt__more-link\" href=\"https:\/\/www.autolog-projekt.de\/index.php\/2024\/05\/16\/pressemitteilung-veroffentlicht\/\">mehr..<\/a><\/p><\/div><\/div>\n<\/div>\n\n<\/li><\/ul>\n\n<\/div>\n","protected":false},"excerpt":{"rendered":"","protected":false},"author":2,"featured_media":0,"parent":0,"menu_order":0,"comment_status":"closed","ping_status":"closed","template":"","meta":{"footnotes":""},"class_list":["post-233","page","type-page","status-publish","hentry"],"_links":{"self":[{"href":"https:\/\/www.autolog-projekt.de\/index.php\/wp-json\/wp\/v2\/pages\/233","targetHints":{"allow":["GET"]}}],"collection":[{"href":"https:\/\/www.autolog-projekt.de\/index.php\/wp-json\/wp\/v2\/pages"}],"about":[{"href":"https:\/\/www.autolog-projekt.de\/index.php\/wp-json\/wp\/v2\/types\/page"}],"author":[{"embeddable":true,"href":"https:\/\/www.autolog-projekt.de\/index.php\/wp-json\/wp\/v2\/users\/2"}],"replies":[{"embeddable":true,"href":"https:\/\/www.autolog-projekt.de\/index.php\/wp-json\/wp\/v2\/comments?post=233"}],"version-history":[{"count":8,"href":"https:\/\/www.autolog-projekt.de\/index.php\/wp-json\/wp\/v2\/pages\/233\/revisions"}],"predecessor-version":[{"id":423,"href":"https:\/\/www.autolog-projekt.de\/index.php\/wp-json\/wp\/v2\/pages\/233\/revisions\/423"}],"wp:attachment":[{"href":"https:\/\/www.autolog-projekt.de\/index.php\/wp-json\/wp\/v2\/media?parent=233"}],"curies":[{"name":"wp","href":"https:\/\/api.w.org\/{rel}","templated":true}]}}